{"id":236,"date":"2019-10-08T17:10:36","date_gmt":"2019-10-08T15:10:36","guid":{"rendered":"https:\/\/air-rops.es\/legal-notice\/"},"modified":"2019-10-25T10:00:39","modified_gmt":"2019-10-25T08:00:39","slug":"aviso-legal","status":"publish","type":"page","link":"https:\/\/air-rops.es\/es\/aviso-legal\/","title":{"rendered":"Aviso Legal"},"content":{"rendered":"<p>Los contenidos, presentaci\u00f3n, organizaci\u00f3n, compilaci\u00f3n, adaptaci\u00f3n y conversi\u00f3n digital, traducci\u00f3n, ejecuci\u00f3n y cualesquiera otros relacionados con este Website constituyen creaciones protegidas por la legislaci\u00f3n aplicable sobre propiedad intelectual, industrial y otros derechos. Dichos contenidos ni la totalidad del Website no podr\u00e1n ser total o parcialmente reproducidos, distribuidos, comunicados p\u00fablicamente, transmitidos o almacenados en forma alguna sin la previa autorizaci\u00f3n por escrito de\u00a0AIR-ROPS NA 2012 S.L.\u00a0o de los titulares de dichas creaciones. No obstante lo anterior, los usuarios podr\u00e1n visualizar en pantalla, descargar y almacenar la informaci\u00f3n contenida en el Website y reproducirla con fines \u00fanicamente privados, excluy\u00e9ndose de esta autorizaci\u00f3n todo uso comercial que se les pueda dar a los mismos. Este Website es propiedad exclusiva de\u00a0AIR-ROPS NA 2012 S.L.\u00a0y est\u00e1 protegida, junto con los contenidos, en cuanto a creaciones intelectuales, por las leyes y tratados internacionales sobre derechos de autor.<\/p>\n","protected":false},"excerpt":{"rendered":"<p>Los contenidos, presentaci\u00f3n, organizaci\u00f3n, compilaci\u00f3n, adaptaci\u00f3n y conversi\u00f3n digital, traducci\u00f3n, ejecuci\u00f3n y cualesquiera otros relacionados con este Website constituyen creaciones protegidas por la legislaci\u00f3n aplicable sobre propiedad intelectual, industrial y otros derechos. Dichos contenidos ni la totalidad del Website no podr\u00e1n ser total o parcialmente reproducidos, [&hellip;]<\/p>\n","protected":false},"author":2,"featured_media":0,"parent":0,"menu_order":0,"comment_status":"closed","ping_status":"closed","template":"","meta":{"footnotes":""},"class_list":["post-236","page","type-page","status-publish","hentry"],"yoast_head":"<!-- This site is optimized with the Yoast SEO plugin v26.8 - https:\/\/yoast.com\/product\/yoast-seo-wordpress\/ -->\n<title>Aviso legal Air-Rops<\/title>\n<meta name=\"robots\" content=\"noindex, nofollow\" \/>\n<meta property=\"og:locale\" content=\"es_ES\" \/>\n<meta property=\"og:type\" content=\"article\" \/>\n<meta property=\"og:title\" content=\"Aviso legal Air-Rops\" \/>\n<meta property=\"og:description\" content=\"Los contenidos, presentaci\u00f3n, organizaci\u00f3n, compilaci\u00f3n, adaptaci\u00f3n y conversi\u00f3n digital, traducci\u00f3n, ejecuci\u00f3n y cualesquiera otros relacionados con este Website constituyen creaciones protegidas por la legislaci\u00f3n aplicable sobre propiedad intelectual, industrial y otros derechos. Dichos contenidos ni la totalidad del Website no podr\u00e1n ser total o parcialmente reproducidos, [&hellip;]\" \/>\n<meta property=\"og:url\" content=\"https:\/\/air-rops.es\/es\/aviso-legal\/\" \/>\n<meta property=\"og:site_name\" content=\"Air-Rops\" \/>\n<meta property=\"article:modified_time\" content=\"2019-10-25T08:00:39+00:00\" \/>\n<meta name=\"twitter:card\" content=\"summary_large_image\" \/>\n<meta name=\"twitter:label1\" content=\"Tiempo de lectura\" \/>\n\t<meta name=\"twitter:data1\" content=\"1 minuto\" \/>\n<script type=\"application\/ld+json\" class=\"yoast-schema-graph\">{\"@context\":\"https:\/\/schema.org\",\"@graph\":[{\"@type\":\"WebPage\",\"@id\":\"https:\/\/air-rops.es\/es\/aviso-legal\/\",\"url\":\"https:\/\/air-rops.es\/es\/aviso-legal\/\",\"name\":\"Aviso legal Air-Rops\",\"isPartOf\":{\"@id\":\"https:\/\/air-rops.es\/#website\"},\"datePublished\":\"2019-10-08T15:10:36+00:00\",\"dateModified\":\"2019-10-25T08:00:39+00:00\",\"breadcrumb\":{\"@id\":\"https:\/\/air-rops.es\/es\/aviso-legal\/#breadcrumb\"},\"inLanguage\":\"es\",\"potentialAction\":[{\"@type\":\"ReadAction\",\"target\":[\"https:\/\/air-rops.es\/es\/aviso-legal\/\"]}]},{\"@type\":\"BreadcrumbList\",\"@id\":\"https:\/\/air-rops.es\/es\/aviso-legal\/#breadcrumb\",\"itemListElement\":[{\"@type\":\"ListItem\",\"position\":1,\"name\":\"Portada\",\"item\":\"https:\/\/air-rops.es\/es\/\"},{\"@type\":\"ListItem\",\"position\":2,\"name\":\"Aviso Legal\"}]},{\"@type\":\"WebSite\",\"@id\":\"https:\/\/air-rops.es\/#website\",\"url\":\"https:\/\/air-rops.es\/\",\"name\":\"Air-Rops\",\"description\":\"Rollover Protection solutions for farming industry\",\"potentialAction\":[{\"@type\":\"SearchAction\",\"target\":{\"@type\":\"EntryPoint\",\"urlTemplate\":\"https:\/\/air-rops.es\/?s={search_term_string}\"},\"query-input\":{\"@type\":\"PropertyValueSpecification\",\"valueRequired\":true,\"valueName\":\"search_term_string\"}}],\"inLanguage\":\"es\"}]}<\/script>\n<!-- \/ Yoast SEO plugin. -->","yoast_head_json":{"title":"Aviso legal Air-Rops","robots":{"index":"noindex","follow":"nofollow"},"og_locale":"es_ES","og_type":"article","og_title":"Aviso legal Air-Rops","og_description":"Los contenidos, presentaci\u00f3n, organizaci\u00f3n, compilaci\u00f3n, adaptaci\u00f3n y conversi\u00f3n digital, traducci\u00f3n, ejecuci\u00f3n y cualesquiera otros relacionados con este Website constituyen creaciones protegidas por la legislaci\u00f3n aplicable sobre propiedad intelectual, industrial y otros derechos. Dichos contenidos ni la totalidad del Website no podr\u00e1n ser total o parcialmente reproducidos, [&hellip;]","og_url":"https:\/\/air-rops.es\/es\/aviso-legal\/","og_site_name":"Air-Rops","article_modified_time":"2019-10-25T08:00:39+00:00","twitter_card":"summary_large_image","twitter_misc":{"Tiempo de lectura":"1 minuto"},"schema":{"@context":"https:\/\/schema.org","@graph":[{"@type":"WebPage","@id":"https:\/\/air-rops.es\/es\/aviso-legal\/","url":"https:\/\/air-rops.es\/es\/aviso-legal\/","name":"Aviso legal Air-Rops","isPartOf":{"@id":"https:\/\/air-rops.es\/#website"},"datePublished":"2019-10-08T15:10:36+00:00","dateModified":"2019-10-25T08:00:39+00:00","breadcrumb":{"@id":"https:\/\/air-rops.es\/es\/aviso-legal\/#breadcrumb"},"inLanguage":"es","potentialAction":[{"@type":"ReadAction","target":["https:\/\/air-rops.es\/es\/aviso-legal\/"]}]},{"@type":"BreadcrumbList","@id":"https:\/\/air-rops.es\/es\/aviso-legal\/#breadcrumb","itemListElement":[{"@type":"ListItem","position":1,"name":"Portada","item":"https:\/\/air-rops.es\/es\/"},{"@type":"ListItem","position":2,"name":"Aviso Legal"}]},{"@type":"WebSite","@id":"https:\/\/air-rops.es\/#website","url":"https:\/\/air-rops.es\/","name":"Air-Rops","description":"Rollover Protection solutions for farming industry","potentialAction":[{"@type":"SearchAction","target":{"@type":"EntryPoint","urlTemplate":"https:\/\/air-rops.es\/?s={search_term_string}"},"query-input":{"@type":"PropertyValueSpecification","valueRequired":true,"valueName":"search_term_string"}}],"inLanguage":"es"}]}},"_links":{"self":[{"href":"https:\/\/air-rops.es\/es\/wp-json\/wp\/v2\/pages\/236","targetHints":{"allow":["GET"]}}],"collection":[{"href":"https:\/\/air-rops.es\/es\/wp-json\/wp\/v2\/pages"}],"about":[{"href":"https:\/\/air-rops.es\/es\/wp-json\/wp\/v2\/types\/page"}],"author":[{"embeddable":true,"href":"https:\/\/air-rops.es\/es\/wp-json\/wp\/v2\/users\/2"}],"replies":[{"embeddable":true,"href":"https:\/\/air-rops.es\/es\/wp-json\/wp\/v2\/comments?post=236"}],"version-history":[{"count":0,"href":"https:\/\/air-rops.es\/es\/wp-json\/wp\/v2\/pages\/236\/revisions"}],"wp:attachment":[{"href":"https:\/\/air-rops.es\/es\/wp-json\/wp\/v2\/media?parent=236"}],"curies":[{"name":"wp","href":"https:\/\/api.w.org\/{rel}","templated":true}]}}