{"id":239,"date":"2019-10-08T16:21:46","date_gmt":"2019-10-08T14:21:46","guid":{"rendered":"https:\/\/air-rops.es\/about-us\/"},"modified":"2020-04-27T19:58:15","modified_gmt":"2020-04-27T17:58:15","slug":"sobre-nosotros","status":"publish","type":"page","link":"https:\/\/air-rops.es\/es\/sobre-nosotros\/","title":{"rendered":"Sobre nosotros"},"content":{"rendered":"<p><div class=\"fusion-fullwidth fullwidth-box fusion-builder-row-1 nonhundred-percent-fullwidth non-hundred-percent-height-scrolling\"  style='background-color: rgba(255,255,255,0);background-position: center center;background-repeat: no-repeat;padding-right:0px;padding-bottom:0px;padding-left:0px;'><div class=\"fusion-builder-row fusion-row \"><div  class=\"fusion-layout-column fusion_builder_column fusion_builder_column_2_3 fusion-builder-column-1 fusion-two-third fusion-column-first 2_3\"  style='margin-top:0px;margin-bottom:20px;width:66.66%;width:calc(66.66% - ( ( 4% ) * 0.6666 ) );margin-right: 4%;'>\n\t\t\t\t\t<div class=\"fusion-column-wrapper\" style=\"padding: 0px 0px 0px 0px;background-position:left top;background-repeat:no-repeat;-webkit-background-size:cover;-moz-background-size:cover;-o-background-size:cover;background-size:cover;\"   data-bg-url=\"\">\n\t\t\t\t\t\t<style type=\"text\/css\"><\/style><div class=\"fusion-title title fusion-title-1 fusion-sep-none fusion-title-text fusion-title-size-four\" style=\"margin-top:0px;margin-bottom:31px;\"><h4 class=\"title-heading-left\" style=\"margin:0;\">\u00bfPor qu\u00e9 no una estructura de protecci\u00f3n al vuelco autom\u00e1tica que permanezca plegada, y no moleste hasta que es realmente necesaria?<\/h4><\/div><div class=\"fusion-text\"><p>El equipo de air-ROPS tiene una larga experiencia en la seguridad laboral del sector agr\u00edcola. Hemos sido testigos de muchos accidentes de vuelco de maquinar\u00eda con el resultado de lesiones graves o muerte. En muchos casos, estos accidentes se produjeron porque la estructura de vuelco se hab\u00eda retirado (ROPS fijo) o porque no estaba en posici\u00f3n de seguridad (ROPS plegable).<\/p>\n<p>A continuaci\u00f3n, iniciamos una consulta para evaluar la aceptaci\u00f3n por parte del usuario final de un sistema de protecci\u00f3n ante el vuelco autom\u00e1tico y nos sorprendi\u00f3 la acogida y el feedback positivo.<\/p>\n<p>Entonces pensamos, \u00bfpor qu\u00e9 no replicar el concepto de airbag en la industria automotriz para la protecci\u00f3n ante el vuelco en la industria agr\u00edcola? As\u00ed surgi\u00f3 Air-ROPS.<\/p>\n<p>Despu\u00e9s de un dise\u00f1o conceptual, prototipos y numerosas pruebas, el concepto air-ROPS fue validado en 2015 y se inici\u00f3 el siguiente paso para el desarrollo del producto y su fabricaci\u00f3n en serie.<\/p>\n<p>Desde 2015, el equipo de air-ROPS ha estado totalmente enfocado en proporcionar el m\u00e1s alto nivel de calidad y seguridad a nuestro producto. Nuestro objetivo ha sido proporcionar el MEJOR sistema de protecci\u00f3n ante el vuelco del mercado.<\/p>\n<\/div><div class=\"fusion-clearfix\"><\/div>\n\n\t\t\t\t\t<\/div>\n\t\t\t\t<\/div><div  class=\"fusion-layout-column fusion_builder_column fusion_builder_column_1_3 fusion-builder-column-2 fusion-one-third fusion-column-last 1_3\"  style='margin-top:0px;margin-bottom:20px;width:33.33%;width:calc(33.33% - ( ( 4% ) * 0.3333 ) );'>\n\t\t\t\t\t<div class=\"fusion-column-wrapper\" style=\"padding: 0px 0px 0px 0px;background-position:left top;background-repeat:no-repeat;-webkit-background-size:cover;-moz-background-size:cover;-o-background-size:cover;background-size:cover;\"   data-bg-url=\"\">\n\t\t\t\t\t\t<div class=\"fusion-text tagline-about-us\"><p><strong>Air-ROPS <\/strong>es un equipo senior y entusiasta formado por ingenieros mec\u00e1nicos y el\u00e9ctricos, profesionales de la salud y seguridad laboral.<\/p>\n<\/div><div class=\"imageframe-align-center\"><span class=\"fusion-imageframe imageframe-none imageframe-1 hover-type-none quad-about-us\"><img loading=\"lazy\" decoding=\"async\" src=\"https:\/\/air-rops.es\/wp-content\/uploads\/2019\/10\/Quad-azul.png\" data-orig-src=\"https:\/\/air-rops.es\/wp-content\/uploads\/2019\/10\/Quad-azul.png\" width=\"566\" height=\"472\" alt=\"\" title=\"Quad-azul\" class=\"lazyload img-responsive wp-image-229\" srcset=\"data:image\/svg+xml,%3Csvg%20xmlns%3D%27http%3A%2F%2Fwww.w3.org%2F2000%2Fsvg%27%20width%3D%27566%27%20height%3D%27472%27%20viewBox%3D%270%200%20566%20472%27%3E%3Crect%20width%3D%27566%27%20height%3D%273472%27%20fill-opacity%3D%220%22%2F%3E%3C%2Fsvg%3E\" data-srcset=\"https:\/\/air-rops.es\/wp-content\/uploads\/2019\/10\/Quad-azul-200x167.png 200w, https:\/\/air-rops.es\/wp-content\/uploads\/2019\/10\/Quad-azul-400x334.png 400w, https:\/\/air-rops.es\/wp-content\/uploads\/2019\/10\/Quad-azul.png 566w\" data-sizes=\"auto\" data-orig-sizes=\"auto, (max-width: 800px) 100vw, 400px\" \/><\/span><\/div><div class=\"fusion-clearfix\"><\/div>\n\n\t\t\t\t\t<\/div>\n\t\t\t\t<\/div><\/div><\/div><div class=\"fusion-fullwidth fullwidth-box fusion-builder-row-2 nonhundred-percent-fullwidth non-hundred-percent-height-scrolling\"  style='background-color: #fbfbfb;background-position: center center;background-repeat: no-repeat;padding-top:0px;padding-right:0px;padding-bottom:80px;padding-left:0px;'><div class=\"fusion-builder-row fusion-row \"><div  class=\"fusion-layout-column fusion_builder_column fusion_builder_column_2_3 fusion-builder-column-3 fusion-two-third fusion-column-first 2_3\"  style='margin-top:0px;margin-bottom:20px;width:66.66%;width:calc(66.66% - ( ( 4% ) * 0.6666 ) );margin-right: 4%;'>\n\t\t\t\t\t<div class=\"fusion-column-wrapper\" style=\"padding: 0px 0px 0px 0px;background-position:left top;background-repeat:no-repeat;-webkit-background-size:cover;-moz-background-size:cover;-o-background-size:cover;background-size:cover;\"   data-bg-url=\"\">\n\t\t\t\t\t\t<style type=\"text\/css\"><\/style><div class=\"fusion-title title fusion-title-2 fusion-sep-none fusion-title-text fusion-title-size-five\" style=\"margin-top:0px;margin-bottom:31px;\"><h5 class=\"title-heading-left\" style=\"margin:0;\">Que hacemos<\/h5><\/div><div class=\"fusion-text\"><p>Desarrollamos sistemas de protecci\u00f3n ante el vuelco para proyectos y clientes personalizados o de uso general.<\/p>\n<p>Air-ROPS proporciona toda su experiencia en protecci\u00f3n ante el vuelco. Nuestro equipo de expertos puede proporcionar la mejor soluci\u00f3n autom\u00e1tica de protecci\u00f3n al vuelco adaptada a sus necesidades especiales.<br \/>\nProporcionamos un conocimiento sobresaliente en los siguientes campos:<\/p>\n<ul>\n<li>Est\u00e1ndares y dise\u00f1o de estructuras de protecci\u00f3n al vuelco.<\/li>\n<li>Algoritmos de movimiento y din\u00e1mica de maquinaria.<\/li>\n<li>Electr\u00f3nica de seguridad, hardware de detecci\u00f3n de movimiento (inercial) , unidades de procesamiento, control y salidas de la unidad de control.<\/li>\n<\/ul>\n<p>Proporcionamos una adopci\u00f3n completa del sistema de protecci\u00f3n autom\u00e1tica contra vuelcos a los requisitos del cliente.<\/p>\n<p>Podemos proporcionar una gesti\u00f3n completa del proyecto desde el borrador hasta el producto final.<\/p>\n<\/div><div class=\"fusion-clearfix\"><\/div>\n\n\t\t\t\t\t<\/div>\n\t\t\t\t<\/div><div  class=\"fusion-layout-column fusion_builder_column fusion_builder_column_1_3 fusion-builder-column-4 fusion-one-third fusion-column-last 1_3\"  style='margin-top:90px;margin-bottom:20px;width:33.33%;width:calc(33.33% - ( ( 4% ) * 0.3333 ) );'>\n\t\t\t\t\t<div class=\"fusion-column-wrapper\" style=\"padding: 0px 30px 0px 0px;background-position:left top;background-repeat:no-repeat;-webkit-background-size:cover;-moz-background-size:cover;-o-background-size:cover;background-size:cover;\"   data-bg-url=\"\">\n\t\t\t\t\t\t<style type=\"text\/css\"><\/style><div class=\"fusion-title title fusion-title-3 fusion-sep-none fusion-title-center fusion-title-text fusion-title-size-three\" style=\"margin-top:0px;margin-bottom:31px;\"><h3 class=\"title-heading-center\" style=\"margin:0;\">\u00abEstamos orgullosos de ofrecer una soluci\u00f3n que salvar\u00e1 vidas\u00bb<\/h3><\/div><div class=\"imageframe-align-center\"><span style=\"-webkit-border-radius:50%;-moz-border-radius:50%;border-radius:50%;-webkit-mask-image: -webkit-radial-gradient(circle, white, black);width:100%;max-width:90px;\" class=\"fusion-imageframe imageframe-none imageframe-2 hover-type-none\"><img loading=\"lazy\" decoding=\"async\" src=\"https:\/\/air-rops.es\/wp-content\/uploads\/2019\/10\/Asier-Lucea.jpg\" data-orig-src=\"http:\/\/air-rops.es\/wp-content\/uploads\/2019\/10\/Asier-Lucea.jpg\" width=\"381\" height=\"381\" alt=\"\" title=\"Asier-Lucea\" class=\"lazyload img-responsive wp-image-223\" srcset=\"data:image\/svg+xml,%3Csvg%20xmlns%3D%27http%3A%2F%2Fwww.w3.org%2F2000%2Fsvg%27%20width%3D%27381%27%20height%3D%27381%27%20viewBox%3D%270%200%20381%20381%27%3E%3Crect%20width%3D%27381%27%20height%3D%273381%27%20fill-opacity%3D%220%22%2F%3E%3C%2Fsvg%3E\" data-srcset=\"https:\/\/air-rops.es\/wp-content\/uploads\/2019\/10\/Asier-Lucea-200x200.jpg 200w, https:\/\/air-rops.es\/wp-content\/uploads\/2019\/10\/Asier-Lucea.jpg 381w\" data-sizes=\"auto\" data-orig-sizes=\"auto, (max-width: 800px) 100vw, 381px\" \/><\/span><\/div><div class=\"fusion-sep-clear\"><\/div><div class=\"fusion-separator fusion-full-width-sep sep-none\" style=\"margin-left: auto;margin-right: auto;margin-top:15px;\"><\/div><div class=\"fusion-text\"><p style=\"text-align: center;\"><strong>Asier Lucea<br \/>\n<\/strong>Director &#8211; Air Rops<\/p>\n<\/div><div class=\"fusion-clearfix\"><\/div>\n\n\t\t\t\t\t<\/div>\n\t\t\t\t<\/div><div  class=\"fusion-layout-column fusion_builder_column fusion_builder_column_2_3 fusion-builder-column-5 fusion-two-third fusion-column-first 2_3\"  style='margin-top:0px;margin-bottom:20px;width:66.66%;width:calc(66.66% - ( ( 4% ) * 0.6666 ) );margin-right: 4%;'>\n\t\t\t\t\t<div class=\"fusion-column-wrapper\" style=\"padding: 0px 0px 0px 0px;background-position:left top;background-repeat:no-repeat;-webkit-background-size:cover;-moz-background-size:cover;-o-background-size:cover;background-size:cover;\"   data-bg-url=\"\">\n\t\t\t\t\t\t<div class=\"fusion-builder-row fusion-builder-row-inner fusion-row \"><div  class=\"fusion-layout-column fusion_builder_column fusion_builder_column_1_2  fusion-one-half fusion-column-first 1_2\"  style='margin-top: 0px;margin-bottom: 20px;width:50%;width:calc(50% - ( ( 4% ) * 0.5 ) );margin-right:4%;'><div class=\"fusion-column-wrapper fusion-column-wrapper-1\" style=\"padding: 0px 0px 0px 0px;background-position:left top;background-repeat:no-repeat;-webkit-background-size:cover;-moz-background-size:cover;-o-background-size:cover;background-size:cover;\"  data-bg-url=\"\"><style type=\"text\/css\"><\/style><div class=\"fusion-title title fusion-title-4 fusion-sep-none fusion-title-text fusion-title-size-five\" style=\"margin-top:0px;margin-bottom:20px;\"><h5 class=\"title-heading-left\" style=\"margin:0;\">Misi\u00f3n<\/h5><\/div><div class=\"fusion-text\"><p>Nuestra misi\u00f3n es proporcionar maquinaria m\u00e1s segura para la agricultura con una soluci\u00f3n innovadora de protecci\u00f3n ante el vuelco que se basa en tecnolog\u00edas existentes bien probadas.<\/p>\n<\/div><div class=\"fusion-sep-clear\"><\/div><div class=\"fusion-separator fusion-full-width-sep sep-none\" style=\"margin-left: auto;margin-right: auto;margin-top:30px;\"><\/div><\/div><\/div><div  class=\"fusion-layout-column fusion_builder_column fusion_builder_column_1_2  fusion-one-half fusion-column-last 1_2\"  style='margin-top: 0px;margin-bottom: 20px;width:50%;width:calc(50% - ( ( 4% ) * 0.5 ) );'><div class=\"fusion-column-wrapper fusion-column-wrapper-2\" style=\"padding: 0px 0px 0px 0px;background-position:left top;background-repeat:no-repeat;-webkit-background-size:cover;-moz-background-size:cover;-o-background-size:cover;background-size:cover;\"  data-bg-url=\"\"><style type=\"text\/css\"><\/style><div class=\"fusion-title title fusion-title-5 fusion-sep-none fusion-title-text fusion-title-size-five\" style=\"margin-top:0px;margin-bottom:20px;\"><h5 class=\"title-heading-left\" style=\"margin:0;\">VISI\u00d3N<\/h5><\/div><div class=\"fusion-text\"><p>Buscamos reducir el gran n\u00famero de muertes y lesiones causadas por vuelcos de veh\u00edculos todo terreno en el mundo.<\/p>\n<p>Queremos reducir las dolorosas p\u00e9rdidas que afectan a las familias de operadores de m\u00e1quinas en todo el mundo.<\/p>\n<\/div><\/div><\/div><\/div><div class=\"fusion-clearfix\"><\/div>\n\n\t\t\t\t\t<\/div>\n\t\t\t\t<\/div><\/div><\/div><\/p>\n","protected":false},"excerpt":{"rendered":"","protected":false},"author":2,"featured_media":0,"parent":0,"menu_order":0,"comment_status":"closed","ping_status":"closed","template":"100-width.php","meta":{"footnotes":""},"class_list":["post-239","page","type-page","status-publish","hentry"],"yoast_head":"<!-- This site is optimized with the Yoast SEO plugin v26.8 - https:\/\/yoast.com\/product\/yoast-seo-wordpress\/ -->\n<title>Un equipo con experiencia en seguridad laboral agr\u00edcola | Air-Rops<\/title>\n<meta name=\"description\" content=\"Air-ROPS es un equipo senior formado por ingenieros mec\u00e1nicos y el\u00e9ctricos y profesionales de la saud, con experiencia en seguridad laboral de agronegocios.\" \/>\n<meta name=\"robots\" content=\"index, follow, max-snippet:-1, max-image-preview:large, max-video-preview:-1\" \/>\n<link rel=\"canonical\" href=\"https:\/\/air-rops.es\/es\/sobre-nosotros\/\" \/>\n<meta property=\"og:locale\" content=\"es_ES\" \/>\n<meta property=\"og:type\" content=\"article\" \/>\n<meta property=\"og:title\" content=\"Un equipo con experiencia en seguridad laboral agr\u00edcola | Air-Rops\" \/>\n<meta property=\"og:description\" content=\"Air-ROPS es un equipo senior formado por ingenieros mec\u00e1nicos y el\u00e9ctricos y profesionales de la saud, con experiencia en seguridad laboral de agronegocios.\" \/>\n<meta property=\"og:url\" content=\"https:\/\/air-rops.es\/es\/sobre-nosotros\/\" \/>\n<meta property=\"og:site_name\" content=\"Air-Rops\" \/>\n<meta property=\"article:modified_time\" content=\"2020-04-27T17:58:15+00:00\" \/>\n<meta name=\"twitter:card\" content=\"summary_large_image\" \/>\n<meta name=\"twitter:label1\" content=\"Tiempo de lectura\" \/>\n\t<meta name=\"twitter:data1\" content=\"14 minutos\" \/>\n<script type=\"application\/ld+json\" class=\"yoast-schema-graph\">{\"@context\":\"https:\/\/schema.org\",\"@graph\":[{\"@type\":\"WebPage\",\"@id\":\"https:\/\/air-rops.es\/es\/sobre-nosotros\/\",\"url\":\"https:\/\/air-rops.es\/es\/sobre-nosotros\/\",\"name\":\"Un equipo con experiencia en seguridad laboral agr\u00edcola | Air-Rops\",\"isPartOf\":{\"@id\":\"https:\/\/air-rops.es\/#website\"},\"datePublished\":\"2019-10-08T14:21:46+00:00\",\"dateModified\":\"2020-04-27T17:58:15+00:00\",\"description\":\"Air-ROPS es un equipo senior formado por ingenieros mec\u00e1nicos y el\u00e9ctricos y profesionales de la saud, con experiencia en seguridad laboral de agronegocios.\",\"breadcrumb\":{\"@id\":\"https:\/\/air-rops.es\/es\/sobre-nosotros\/#breadcrumb\"},\"inLanguage\":\"es\",\"potentialAction\":[{\"@type\":\"ReadAction\",\"target\":[\"https:\/\/air-rops.es\/es\/sobre-nosotros\/\"]}]},{\"@type\":\"BreadcrumbList\",\"@id\":\"https:\/\/air-rops.es\/es\/sobre-nosotros\/#breadcrumb\",\"itemListElement\":[{\"@type\":\"ListItem\",\"position\":1,\"name\":\"Portada\",\"item\":\"https:\/\/air-rops.es\/es\/\"},{\"@type\":\"ListItem\",\"position\":2,\"name\":\"Sobre nosotros\"}]},{\"@type\":\"WebSite\",\"@id\":\"https:\/\/air-rops.es\/#website\",\"url\":\"https:\/\/air-rops.es\/\",\"name\":\"Air-Rops\",\"description\":\"Rollover Protection solutions for farming industry\",\"potentialAction\":[{\"@type\":\"SearchAction\",\"target\":{\"@type\":\"EntryPoint\",\"urlTemplate\":\"https:\/\/air-rops.es\/?s={search_term_string}\"},\"query-input\":{\"@type\":\"PropertyValueSpecification\",\"valueRequired\":true,\"valueName\":\"search_term_string\"}}],\"inLanguage\":\"es\"}]}<\/script>\n<!-- \/ Yoast SEO plugin. -->","yoast_head_json":{"title":"Un equipo con experiencia en seguridad laboral agr\u00edcola | Air-Rops","description":"Air-ROPS es un equipo senior formado por ingenieros mec\u00e1nicos y el\u00e9ctricos y profesionales de la saud, con experiencia en seguridad laboral de agronegocios.","robots":{"index":"index","follow":"follow","max-snippet":"max-snippet:-1","max-image-preview":"max-image-preview:large","max-video-preview":"max-video-preview:-1"},"canonical":"https:\/\/air-rops.es\/es\/sobre-nosotros\/","og_locale":"es_ES","og_type":"article","og_title":"Un equipo con experiencia en seguridad laboral agr\u00edcola | Air-Rops","og_description":"Air-ROPS es un equipo senior formado por ingenieros mec\u00e1nicos y el\u00e9ctricos y profesionales de la saud, con experiencia en seguridad laboral de agronegocios.","og_url":"https:\/\/air-rops.es\/es\/sobre-nosotros\/","og_site_name":"Air-Rops","article_modified_time":"2020-04-27T17:58:15+00:00","twitter_card":"summary_large_image","twitter_misc":{"Tiempo de lectura":"14 minutos"},"schema":{"@context":"https:\/\/schema.org","@graph":[{"@type":"WebPage","@id":"https:\/\/air-rops.es\/es\/sobre-nosotros\/","url":"https:\/\/air-rops.es\/es\/sobre-nosotros\/","name":"Un equipo con experiencia en seguridad laboral agr\u00edcola | Air-Rops","isPartOf":{"@id":"https:\/\/air-rops.es\/#website"},"datePublished":"2019-10-08T14:21:46+00:00","dateModified":"2020-04-27T17:58:15+00:00","description":"Air-ROPS es un equipo senior formado por ingenieros mec\u00e1nicos y el\u00e9ctricos y profesionales de la saud, con experiencia en seguridad laboral de agronegocios.","breadcrumb":{"@id":"https:\/\/air-rops.es\/es\/sobre-nosotros\/#breadcrumb"},"inLanguage":"es","potentialAction":[{"@type":"ReadAction","target":["https:\/\/air-rops.es\/es\/sobre-nosotros\/"]}]},{"@type":"BreadcrumbList","@id":"https:\/\/air-rops.es\/es\/sobre-nosotros\/#breadcrumb","itemListElement":[{"@type":"ListItem","position":1,"name":"Portada","item":"https:\/\/air-rops.es\/es\/"},{"@type":"ListItem","position":2,"name":"Sobre nosotros"}]},{"@type":"WebSite","@id":"https:\/\/air-rops.es\/#website","url":"https:\/\/air-rops.es\/","name":"Air-Rops","description":"Rollover Protection solutions for farming industry","potentialAction":[{"@type":"SearchAction","target":{"@type":"EntryPoint","urlTemplate":"https:\/\/air-rops.es\/?s={search_term_string}"},"query-input":{"@type":"PropertyValueSpecification","valueRequired":true,"valueName":"search_term_string"}}],"inLanguage":"es"}]}},"_links":{"self":[{"href":"https:\/\/air-rops.es\/es\/wp-json\/wp\/v2\/pages\/239","targetHints":{"allow":["GET"]}}],"collection":[{"href":"https:\/\/air-rops.es\/es\/wp-json\/wp\/v2\/pages"}],"about":[{"href":"https:\/\/air-rops.es\/es\/wp-json\/wp\/v2\/types\/page"}],"author":[{"embeddable":true,"href":"https:\/\/air-rops.es\/es\/wp-json\/wp\/v2\/users\/2"}],"replies":[{"embeddable":true,"href":"https:\/\/air-rops.es\/es\/wp-json\/wp\/v2\/comments?post=239"}],"version-history":[{"count":0,"href":"https:\/\/air-rops.es\/es\/wp-json\/wp\/v2\/pages\/239\/revisions"}],"wp:attachment":[{"href":"https:\/\/air-rops.es\/es\/wp-json\/wp\/v2\/media?parent=239"}],"curies":[{"name":"wp","href":"https:\/\/api.w.org\/{rel}","templated":true}]}}